{"id":682,"date":"2018-02-06T12:53:18","date_gmt":"2018-02-06T12:53:18","guid":{"rendered":"https:\/\/www.miamibeb.com\/wpmiamibeb2\/?page_id=682"},"modified":"2018-04-23T23:47:05","modified_gmt":"2018-04-23T23:47:05","slug":"fotos-nach-hause-zimmer-fruhstuck-garten-umgebung","status":"publish","type":"page","link":"https:\/\/www.miamibeb.com\/de\/fotogalerie-bb-miami-beach-2\/fotos-nach-hause-zimmer-fruhstuck-garten-umgebung\/","title":{"rendered":"Fotos nach Hause Zimmer Fruhstuck Garten Umgebung"},"content":{"rendered":"<h2>NACH HAUSE<\/h2>\n<p>Die j\u00fcngste Renovierung des Hauses bietet eine k\u00fchle, saubere, helle, aber nicht zu trendy 'Preise von 5 Sternen bewerben.<\/p>\n<h2>ZIMMER<\/h2>\n<p>Der Innenraum des B &amp; B Miami Beach wurden sorgf\u00e4ltig durch den Eigent\u00fcmer, die mit dieser ger\u00e4umige, klimatisierte Zimmer mit eigenem Bad zu schaffen Mutter wollte eine helle, neu in einen k\u00fcnstlerischen Kontext, und das ist Pietrasanta wollte gepflegt.<\/p>\n<h2>FRUHSTUCK<\/h2>\n<p>In der kalten Jahreszeit das Fr\u00fchst\u00fcck in der alten Mensa der Familie Zimmer auf unser reichhaltiges Fr\u00fchst\u00fcck mit hausgemachten Produkten wie Kuchen, Kekse, Marmelade genie\u00dfen diente, machte Toast mit selbstgebackenem Brot, gekocht oder R\u00fchrei, gepresster Orangensaft, der typisch toskanischen Donuts, frisch Pecorino-K\u00e4se und Honig, Tee, Kaffee 'und Milch und Cappuccino.<\/p>\n<h2>GARTEN<\/h2>\n<p>Ein gro\u00dfer Garten umgibt das Haus, wo der warmen Jahreszeit das Fr\u00fchst\u00fcck serviert wird unter the gazebo.In Bereich des Gartens und \u00a0auf parkende Autos oder Motorr\u00e4dern gewidmet.<\/p>\n<h2>UMGEBUNG<\/h2>\n<div id=\"dintorni\">\u00a0Die Umgebung ist in 5 Minuten zu den Str\u00e4nden von Marina di Pietrasanta und das historischen Zentrum von Pietrasanta Forte dei Marmi erreicht die eleganten Seeb\u00e4der ein Aperitif dann einkaufen.<\/div>\n<div>\n<div id='gallery-1' class='gallery galleryid-682 gallery-columns-3 gallery-size-thumbnail'><figure class='gallery-item'>\n\t\t\t<div class='gallery-icon landscape'>\n\t\t\t\t<a href='https:\/\/www.miamibeb.com\/de\/fotogalerie-bb-miami-beach-2\/fotos-nach-hause-zimmer-fruhstuck-garten-umgebung\/_dsc8457\/'><img loading=\"lazy\" decoding=\"async\" width=\"150\" height=\"150\" src=\"https:\/\/www.miamibeb.com\/wp-content\/uploads\/2018\/04\/DSC8457-150x150.jpg\" class=\"attachment-thumbnail size-thumbnail\" alt=\"B&amp;B Miami beach Pietrasanta\" aria-describedby=\"gallery-1-1073\" \/><\/a>\n\t\t\t<\/div>\n\t\t\t\t<figcaption class='wp-caption-text gallery-caption' id='gallery-1-1073'>\n\t\t\t\tB&B Miami beach Pietrasanta\n\t\t\t\t<\/figcaption><\/figure><figure class='gallery-item'>\n\t\t\t<div class='gallery-icon landscape'>\n\t\t\t\t<a href='https:\/\/www.miamibeb.com\/de\/fotogalerie-bb-miami-beach-2\/fotos-nach-hause-zimmer-fruhstuck-garten-umgebung\/_dsc8510\/'><img loading=\"lazy\" decoding=\"async\" width=\"150\" height=\"150\" src=\"https:\/\/www.miamibeb.com\/wp-content\/uploads\/2018\/02\/DSC8510-150x150.jpg\" class=\"attachment-thumbnail size-thumbnail\" alt=\"Garten B&amp;B Miami Beach\" aria-describedby=\"gallery-1-683\" \/><\/a>\n\t\t\t<\/div>\n\t\t\t\t<figcaption class='wp-caption-text gallery-caption' id='gallery-1-683'>\n\t\t\t\tGarten B&B Miami beach\n\t\t\t\t<\/figcaption><\/figure><figure class='gallery-item'>\n\t\t\t<div class='gallery-icon portrait'>\n\t\t\t\t<a href='https:\/\/www.miamibeb.com\/de\/fotogalerie-bb-miami-beach-2\/fotos-nach-hause-zimmer-fruhstuck-garten-umgebung\/arte-a-pietrasanta-2\/'><img loading=\"lazy\" decoding=\"async\" width=\"150\" height=\"150\" src=\"https:\/\/www.miamibeb.com\/wp-content\/uploads\/2017\/04\/arte-a-pietrasanta-150x150.jpg\" class=\"attachment-thumbnail size-thumbnail\" alt=\"Umgebung\" aria-describedby=\"gallery-1-581\" \/><\/a>\n\t\t\t<\/div>\n\t\t\t\t<figcaption class='wp-caption-text gallery-caption' id='gallery-1-581'>\n\t\t\t\tUmgebung\n\t\t\t\t<\/figcaption><\/figure><figure class='gallery-item'>\n\t\t\t<div class='gallery-icon landscape'>\n\t\t\t\t<a href='https:\/\/www.miamibeb.com\/de\/fotogalerie-bb-miami-beach\/32-2-2\/'><img loading=\"lazy\" decoding=\"async\" width=\"150\" height=\"150\" src=\"https:\/\/www.miamibeb.com\/wp-content\/uploads\/2018\/02\/32-150x150.jpg\" class=\"attachment-thumbnail size-thumbnail\" alt=\"Particolari B&amp;B Miami Beach\" aria-describedby=\"gallery-1-821\" \/><\/a>\n\t\t\t<\/div>\n\t\t\t\t<figcaption class='wp-caption-text gallery-caption' id='gallery-1-821'>\n\t\t\t\tB&B Miami Beach Pietrasanta\n\t\t\t\t<\/figcaption><\/figure><figure class='gallery-item'>\n\t\t\t<div class='gallery-icon landscape'>\n\t\t\t\t<a href='https:\/\/www.miamibeb.com\/de\/40-2\/'><img loading=\"lazy\" decoding=\"async\" width=\"150\" height=\"150\" src=\"https:\/\/www.miamibeb.com\/wp-content\/uploads\/2017\/01\/40-150x150.jpg\" class=\"attachment-thumbnail size-thumbnail\" alt=\"Balcone camera n. 4 matrimoniale\" aria-describedby=\"gallery-1-504\" \/><\/a>\n\t\t\t<\/div>\n\t\t\t\t<figcaption class='wp-caption-text gallery-caption' id='gallery-1-504'>\n\t\t\t\tBalcone camera n. 4 matrimoniale\n\t\t\t\t<\/figcaption><\/figure><figure class='gallery-item'>\n\t\t\t<div class='gallery-icon landscape'>\n\t\t\t\t<a href='https:\/\/www.miamibeb.com\/de\/03-2\/'><img loading=\"lazy\" decoding=\"async\" width=\"150\" height=\"150\" src=\"https:\/\/www.miamibeb.com\/wp-content\/uploads\/2017\/01\/03-150x150.jpg\" class=\"attachment-thumbnail size-thumbnail\" alt=\"Doppelzimmer Privat Bad\" aria-describedby=\"gallery-1-440\" \/><\/a>\n\t\t\t<\/div>\n\t\t\t\t<figcaption class='wp-caption-text gallery-caption' id='gallery-1-440'>\n\t\t\t\tDoppelzimmer Privat Bad\n\t\t\t\t<\/figcaption><\/figure><figure class='gallery-item'>\n\t\t\t<div class='gallery-icon landscape'>\n\t\t\t\t<a href='https:\/\/www.miamibeb.com\/de\/fotogalerie-bb-miami-beach-2\/fotos-nach-hause-zimmer-fruhstuck-garten-umgebung\/pietrasanta-vacanze-versilia-2\/'><img loading=\"lazy\" decoding=\"async\" width=\"150\" height=\"150\" src=\"https:\/\/www.miamibeb.com\/wp-content\/uploads\/2017\/04\/pietrasanta-vacanze-versilia-150x150.jpg\" class=\"attachment-thumbnail size-thumbnail\" alt=\"pietrasanta-versilia\" aria-describedby=\"gallery-1-579\" \/><\/a>\n\t\t\t<\/div>\n\t\t\t\t<figcaption class='wp-caption-text gallery-caption' id='gallery-1-579'>\n\t\t\t\tpietrasanta-versilia\n\t\t\t\t<\/figcaption><\/figure><figure class='gallery-item'>\n\t\t\t<div class='gallery-icon landscape'>\n\t\t\t\t<a href='https:\/\/www.miamibeb.com\/de\/fotogalerie-bb-miami-beach-2\/fotos-nach-hause-zimmer-fruhstuck-garten-umgebung\/spiaggia-psanta-2\/'><img loading=\"lazy\" decoding=\"async\" width=\"150\" height=\"150\" src=\"https:\/\/www.miamibeb.com\/wp-content\/uploads\/2017\/04\/spiaggia-psanta-150x150.jpg\" class=\"attachment-thumbnail size-thumbnail\" alt=\"Strand von marina di Pietrasanta\" aria-describedby=\"gallery-1-575\" \/><\/a>\n\t\t\t<\/div>\n\t\t\t\t<figcaption class='wp-caption-text gallery-caption' id='gallery-1-575'>\n\t\t\t\tStrand von marina di Pietrasanta\n\t\t\t\t<\/figcaption><\/figure><figure class='gallery-item'>\n\t\t\t<div class='gallery-icon portrait'>\n\t\t\t\t<a href='https:\/\/www.miamibeb.com\/de\/fotogalerie-bb-miami-beach-2\/fotos-nach-hause-zimmer-fruhstuck-garten-umgebung\/ciccione-2\/'><img loading=\"lazy\" decoding=\"async\" width=\"150\" height=\"150\" src=\"https:\/\/www.miamibeb.com\/wp-content\/uploads\/2017\/04\/ciccione-150x150.jpg\" class=\"attachment-thumbnail size-thumbnail\" alt=\"Botero Pietrasanta Umgebung\" aria-describedby=\"gallery-1-577\" \/><\/a>\n\t\t\t<\/div>\n\t\t\t\t<figcaption class='wp-caption-text gallery-caption' id='gallery-1-577'>\n\t\t\t\tBotero Pietrasanta Umgebung\n\t\t\t\t<\/figcaption><\/figure>\n\t\t<\/div>\n\n<\/div>\n<div><\/div>\n<div><\/div>\n<div><\/div>\n<div><\/div>\n<div><\/div>\n<div><\/div>\n<div><\/div>\n<div><\/div>\n<div><\/div>\n","protected":false},"excerpt":{"rendered":"<p>NACH HAUSE Die j\u00fcngste Renovierung des Hauses bietet eine k\u00fchle, saubere, helle, aber nicht zu trendy 'Preise von 5 Sternen &hellip; <a href=\"https:\/\/www.miamibeb.com\/de\/fotogalerie-bb-miami-beach-2\/fotos-nach-hause-zimmer-fruhstuck-garten-umgebung\/\" class=\"more-link\">Continue reading <span class=\"screen-reader-text\">Fotos nach Hause Zimmer Fruhstuck Garten Umgebung<\/span><\/a><\/p>\n","protected":false},"author":1,"featured_media":891,"parent":1067,"menu_order":1,"comment_status":"closed","ping_status":"closed","template":"","meta":{"footnotes":""},"class_list":["post-682","page","type-page","status-publish","has-post-thumbnail","hentry"],"_links":{"self":[{"href":"https:\/\/www.miamibeb.com\/de\/wp-json\/wp\/v2\/pages\/682","targetHints":{"allow":["GET"]}}],"collection":[{"href":"https:\/\/www.miamibeb.com\/de\/wp-json\/wp\/v2\/pages"}],"about":[{"href":"https:\/\/www.miamibeb.com\/de\/wp-json\/wp\/v2\/types\/page"}],"author":[{"embeddable":true,"href":"https:\/\/www.miamibeb.com\/de\/wp-json\/wp\/v2\/users\/1"}],"replies":[{"embeddable":true,"href":"https:\/\/www.miamibeb.com\/de\/wp-json\/wp\/v2\/comments?post=682"}],"version-history":[{"count":3,"href":"https:\/\/www.miamibeb.com\/de\/wp-json\/wp\/v2\/pages\/682\/revisions"}],"predecessor-version":[{"id":1076,"href":"https:\/\/www.miamibeb.com\/de\/wp-json\/wp\/v2\/pages\/682\/revisions\/1076"}],"up":[{"embeddable":true,"href":"https:\/\/www.miamibeb.com\/de\/wp-json\/wp\/v2\/pages\/1067"}],"wp:featuredmedia":[{"embeddable":true,"href":"https:\/\/www.miamibeb.com\/de\/wp-json\/wp\/v2\/media\/891"}],"wp:attachment":[{"href":"https:\/\/www.miamibeb.com\/de\/wp-json\/wp\/v2\/media?parent=682"}],"curies":[{"name":"wp","href":"https:\/\/api.w.org\/{rel}","templated":true}]}}