{"id":638,"date":"2018-02-04T17:58:09","date_gmt":"2018-02-04T17:58:09","guid":{"rendered":"https:\/\/www.miamibeb.com\/wpmiamibeb2\/?page_id=638"},"modified":"2025-01-24T18:56:48","modified_gmt":"2025-01-24T18:56:48","slug":"orte-in-der-nahe-zu-besuchen","status":"publish","type":"page","link":"https:\/\/www.miamibeb.com\/de\/orte-in-der-nahe-zu-besuchen\/","title":{"rendered":"Orte in der Nahe zu besuchen"},"content":{"rendered":"<h2><\/h2>\n<p><img loading=\"lazy\" decoding=\"async\" width=\"150\" height=\"150\" class=\"size-thumbnail wp-image-425\" src=\"https:\/\/www.miamibeb.com\/wp-content\/uploads\/2017\/06\/thumb_33350pietrasanta-itinerari-turistici-versilia-150x150.jpg\" alt=\"&lt;yoastmark class=\" \/><\/p>\n<h2>PIETRASANTA<\/h2>\n<p>Pietrasanta wird auch \u201eDas kleine Athen\u201c genannt und bietet Kunstgalerien, Ateliers, Giessereiwerkst\u00e4tten, die Kirche und das Kloster des S. Francesco.<\/p>\n<div class=\"clearer\">\n<p><img loading=\"lazy\" decoding=\"async\" width=\"150\" height=\"150\" class=\"size-thumbnail wp-image-575\" src=\"https:\/\/www.miamibeb.com\/wp-content\/uploads\/2017\/04\/spiaggia-psanta-150x150.jpg\" alt=\"Strand von marina di &lt;yoastmark class=\" \/><\/p>\n<\/div>\n<h2>MARINA DI PIETRASANTA<\/h2>\n<p>Marina di Pietrasanta ist der Badestrand, der von unserem B&amp;B aus mit dem Fahrrad auf einem direktem Radweg zu erreichen ist. Hier erwarten Sie\u00a0\u00a0Meer, Strand, Badeanstalten, sowie M\u00f6glichkeiten zum Segeln und Surfen.<\/p>\n<p><a href=\"http:\/\/www.nimbussurfingclub.com\/\" target=\"_blank\" rel=\"noopener\">www.nimbussurfingclub.com<\/a><br \/>\n<a href=\"http:\/\/www.clubvelicomp.it\/\" target=\"_blank\" rel=\"noopener\">www.clubvelicomp.it<\/a><\/p>\n<figure class=\"figure alignnone\"><img loading=\"lazy\" decoding=\"async\" class=\"size-thumbnail wp-image-543\" src=\"https:\/\/www.miamibeb.com\/wp-content\/uploads\/2017\/03\/carducci-150x150.jpg\" alt=\"Val di Castello Carducci\" width=\"150\" height=\"150\" \/><figcaption class=\"figure-caption text-center\">Val di castello Carducci<\/figcaption><\/figure>\n<div class=\"clearer\"><\/div>\n<h2>VAL DI CASTELLO CARDUCCI<\/h2>\n<p>Im ca. 10 Minuten von Pietrasanta entfernten Val di Castello Carducci befindet sich das Geburtshaus von Giosue Carducci vollst\u00e4ndig erhalten, sowie andere arch\u00e4ologisch interessante St\u00e4tten wie La Buca della Gigia und La Tana della Volpe.<\/p>\n<figure class=\"figure alignnone\"><img loading=\"lazy\" decoding=\"async\" class=\"size-thumbnail wp-image-545\" src=\"https:\/\/www.miamibeb.com\/wp-content\/uploads\/2017\/03\/mercato-pietrasanta-150x150.jpg\" alt=\"market-pietrasanta\" width=\"150\" height=\"150\" \/><figcaption class=\"figure-caption text-center\">market-pietrasanta<\/figcaption><\/figure>\n<div class=\"clearer\"><\/div>\n<h2>IL MERCATO D<\/h2>\n<p>Den Markt von Pietrasanta sollte man nicht vers\u00e4umen. Er findet jeden Donnerstag in der Piazza Statuto statt. Jeden ersten Sonntag im Monat gibt es ausserdem einen Antiquit\u00e4tenmarkt in der Piazza Duomo.<\/p>\n<div class=\"clearer\">\n<figure class=\"figure alignnone\"><img loading=\"lazy\" decoding=\"async\" class=\"size-thumbnail wp-image-547\" src=\"https:\/\/www.miamibeb.com\/wp-content\/uploads\/2017\/03\/festival-la-versiliana-150x150.jpg\" alt=\"Festival la Versiliana \" width=\"150\" height=\"150\" \/><figcaption class=\"figure-caption text-center\">Festival la Versiliana<\/figcaption><\/figure>\n<\/div>\n<h2>LA VERSILIANA FESTIVAL<\/h2>\n<p>Seit 28 Jahren findet im Parco della Versiliana in Marina di Pietrasanta eines der ber\u00fchmtesten Festival auf internationalem Niveau statt, bei dem sich die Natur mit der Kunst zu einer perfekten Auff\u00fchrung vereint.<\/p>\n<p><a href=\"http:\/\/www.laversilianafestival.it\/\" target=\"_blank\" rel=\"noopener\">www.laversilianafestival.it<\/a><\/p>\n<figure class=\"figure alignnone\"><img loading=\"lazy\" decoding=\"async\" class=\"size-thumbnail wp-image-549\" src=\"https:\/\/www.miamibeb.com\/wp-content\/uploads\/2017\/03\/vacanze-forte-dei-marmi-150x150.jpg\" alt=\"Forte dei Marmi \" width=\"150\" height=\"150\" \/><figcaption class=\"figure-caption text-center\">Forte dei Marmi<\/figcaption><\/figure>\n<div class=\"clearer\"><\/div>\n<h2>FORTE DEI MARMI<\/h2>\n<p>In 10 Minuten erreichen Sie von uns aus\u00a0\u00a0Forte die Marmi, wo sie sehr gut einkaufen k\u00f6nnen. Mittwoch und Sonntag findet dort ein Markt statt.<\/p>\n<figure class=\"figure alignnone\"><img loading=\"lazy\" decoding=\"async\" class=\"size-thumbnail wp-image-1092\" src=\"https:\/\/www.miamibeb.com\/wp-content\/uploads\/2018\/04\/20160214_182143-150x150.jpg\" alt=\"Carnevale Viareggio\" width=\"150\" height=\"150\" \/><figcaption class=\"figure-caption text-center\">Karneval von Viareggio<\/figcaption><\/figure>\n<div class=\"clearer\"><\/div>\n<h2>CARNEVALE DI VIAREGGIO<\/h2>\n<p>In 20 Minuten sind Sie in Viareggio mit seinen Str\u00e4nden, Kneipen, Bars und Discotheken. Ein Antiquit\u00e4tenmarkt findet hier immer am letzten Sonntag des Monats statt. Besuchen Sie auch Viareggio zur Karnevalszeit mit einem fantastischen Feuerwerk zum Abschluss.<\/p>\n<p><a href=\"https:\/\/www.miamibeb.com\/web\/www.viareggio.ilcarnevale.com\" target=\"_blank\" rel=\"noopener\">www.viareggio.ilcarnevale.com<\/a><\/p>\n<figure class=\"figure alignnone\"><img loading=\"lazy\" decoding=\"async\" class=\"size-thumbnail wp-image-553\" src=\"https:\/\/www.miamibeb.com\/wp-content\/uploads\/2017\/03\/antro-del-corchia-150x150.jpg\" alt=\"Antro del Corchia\" width=\"150\" height=\"150\" \/><figcaption class=\"figure-caption text-center\">Antro del Corchia<\/figcaption><\/figure>\n<div class=\"clearer\"><\/div>\n<h2>ANTRO DEL CORCHIA<\/h2>\n<p>In Seravezza k\u00f6nnen Sie die Eintrittskarten f\u00fcr eine 20-min\u00fctige F\u00fchrung durch die Grotte \u201eAntro del Corchia\u201c kaufen.<\/p>\n<figure class=\"figure alignnone\"><img loading=\"lazy\" decoding=\"async\" class=\"size-thumbnail wp-image-1095\" src=\"https:\/\/www.miamibeb.com\/wp-content\/uploads\/2018\/04\/20150425_183014-150x150.jpg\" alt=\"Lucca\" width=\"150\" height=\"150\" \/><figcaption class=\"figure-caption text-center\">Lucca<\/figcaption><\/figure>\n<div class=\"clearer\"><\/div>\n<h2>LUCCA<\/h2>\n<p>In nur 30 Minuten erreichen Sie \u00fcber die Autobahn die mittelalterliche Stadt Lucca, umgeben von einer vollst\u00e4ndig erhaltenen Stadtmauer, sch\u00f6nen Kirchen, vielen Gesch\u00e4ften und Restaurants.<\/p>\n<figure class=\"figure alignnone\"><img loading=\"lazy\" decoding=\"async\" class=\"size-thumbnail wp-image-557\" src=\"https:\/\/www.miamibeb.com\/wp-content\/uploads\/2017\/03\/vacanze-5-terre-150x150.jpg\" alt=\"5-Terre-Urlaub\" width=\"150\" height=\"150\" \/><figcaption class=\"figure-caption text-center\">5-Terre-Urlaub<\/figcaption><\/figure>\n<div class=\"clearer\"><\/div>\n<h2>5 TERRE<\/h2>\n<p>In nur 1 Stunde sind Sie mit dem Auto in Portovenere in 5 Terre.<\/p>\n<div class=\"clearer\"><\/div>\n<h2>ANDERE ZIELE<\/h2>\n<p>Pisa \u2013 45 km \u2013 1Std. m.d. Auto<\/p>\n<p>Livorno \u2013 56 km \u2013 40 Min. m.d. Auto<\/p>\n<p>Florenz \u2013 110 km \u2013 1Std.20 Min. m.d.Auto<\/p>\n<p>San\u00a0Gimignano\u00a0u.\u00a0Volterra\u00a0\u2013 120 km \u2013 1,5\u00a0Std.\u00a0m.d.Auto<\/p>\n<p>Sienna \u2013 170 km \u2013\u00a02 Std.\u00a0m.d.Auto<\/p>\n","protected":false},"excerpt":{"rendered":"<p>PIETRASANTA Pietrasanta wird auch \u201eDas kleine Athen\u201c genannt und bietet Kunstgalerien, Ateliers, Giessereiwerkst\u00e4tten, die Kirche und das Kloster des S. &hellip; <a href=\"https:\/\/www.miamibeb.com\/de\/orte-in-der-nahe-zu-besuchen\/\" class=\"more-link\">Continue reading <span class=\"screen-reader-text\">Orte in der Nahe zu besuchen<\/span><\/a><\/p>\n","protected":false},"author":1,"featured_media":488,"parent":0,"menu_order":0,"comment_status":"closed","ping_status":"closed","template":"","meta":{"footnotes":""},"class_list":["post-638","page","type-page","status-publish","has-post-thumbnail","hentry"],"_links":{"self":[{"href":"https:\/\/www.miamibeb.com\/de\/wp-json\/wp\/v2\/pages\/638","targetHints":{"allow":["GET"]}}],"collection":[{"href":"https:\/\/www.miamibeb.com\/de\/wp-json\/wp\/v2\/pages"}],"about":[{"href":"https:\/\/www.miamibeb.com\/de\/wp-json\/wp\/v2\/types\/page"}],"author":[{"embeddable":true,"href":"https:\/\/www.miamibeb.com\/de\/wp-json\/wp\/v2\/users\/1"}],"replies":[{"embeddable":true,"href":"https:\/\/www.miamibeb.com\/de\/wp-json\/wp\/v2\/comments?post=638"}],"version-history":[{"count":3,"href":"https:\/\/www.miamibeb.com\/de\/wp-json\/wp\/v2\/pages\/638\/revisions"}],"predecessor-version":[{"id":6412,"href":"https:\/\/www.miamibeb.com\/de\/wp-json\/wp\/v2\/pages\/638\/revisions\/6412"}],"wp:featuredmedia":[{"embeddable":true,"href":"https:\/\/www.miamibeb.com\/de\/wp-json\/wp\/v2\/media\/488"}],"wp:attachment":[{"href":"https:\/\/www.miamibeb.com\/de\/wp-json\/wp\/v2\/media?parent=638"}],"curies":[{"name":"wp","href":"https:\/\/api.w.org\/{rel}","templated":true}]}}